{"id":1518,"date":"2025-06-10T08:51:10","date_gmt":"2025-06-10T08:51:10","guid":{"rendered":"https:\/\/nextronik.de\/?post_type=product&#038;p=1518"},"modified":"2025-08-03T18:58:45","modified_gmt":"2025-08-03T18:58:45","slug":"galio-handyhuelle-mit-ringhalterung","status":"publish","type":"product","link":"https:\/\/nextronik.de\/index.php\/produkt\/galio-handyhuelle-mit-ringhalterung\/","title":{"rendered":"H\u00fclle mit Ringhalterung f\u00fcr iPhone 16 Pro"},"content":{"rendered":"<p data-start=\"62\" data-end=\"142\">Silikonh\u00fclle f\u00fcr iPhone 16 Pro \u2013 Perfekter Schutz und praktisches Design. Verleihe deinem iPhone 16 Pro den besten Schutz und Komfort.<\/p>\n<h3 data-start=\"62\" data-end=\"142\"><span style=\"color: #800080;\"><strong>\u00dcbersicht<\/strong><\/span><\/h3>\n<p data-start=\"146\" data-end=\"267\">Kompatibilit\u00e4t: Diese H\u00fclle wurde speziell f\u00fcr das iPhone 16 Pro entwickelt und bietet perfekten Sitz und Schutz.<\/p>\n<p data-start=\"270\" data-end=\"541\">Premium-Material: Hergestellt aus hochwertigem fl\u00fcssigem Silikon, das f\u00fcr ein angenehmes Griffgef\u00fchl sorgt. Die \u00e4u\u00dfere Textur ist rutschfest und hinterl\u00e4sst keine Fingerabdr\u00fccke, sodass dein iPhone immer makellos aussieht. Zudem l\u00e4sst sich die H\u00fclle leicht abwischen.<\/p>\n<p data-start=\"544\" data-end=\"831\">360\u00b0 Ringhalter: Der innovative, um 360 Grad drehbare Ringhalter sorgt f\u00fcr sicheren Halt und erm\u00f6glicht es dir, dein iPhone bequem in verschiedene Positionen zu drehen. Der zusammenklappbare St\u00e4nder sorgt daf\u00fcr, dass du Filme und Videos aus dem perfekten Blickwinkel genie\u00dfen kannst.<\/p>\n<p data-start=\"834\" data-end=\"1075\">Vollschutz f\u00fcr dein iPhone: Mit einer 1-2 mm erh\u00f6hten Kante sch\u00fctzt die H\u00fclle sowohl den Bildschirm als auch die Kamera deines iPhones vor Kratzern und St\u00f6\u00dfen. Das Mikrofaser-Innenfutter bietet zus\u00e4tzlich Schutz vor Kratzern und Schmutz.<\/p>\n<p data-start=\"1078\" data-end=\"1258\">Pr\u00e4zise Aussparungen: Alle Tasten, Anschl\u00fcsse und Kameras sind pr\u00e4zise ausgeschnitten, sodass du dein Handy bequem nutzen kannst, ohne die H\u00fclle abnehmen zu m\u00fcssen.<\/p>\n<p data-start=\"1261\" data-end=\"1437\">SpinClick Technologie: Der integrierte, 360\u00b0 drehbare Ringhalter kann als praktischer St\u00e4nder oder zum sicheren Halten des Smartphones genutzt werden \u2013 ideal f\u00fcr unterwegs.<\/p>\n","protected":false},"excerpt":{"rendered":"<article class=\"text-token-text-primary w-full focus:outline-none scroll-mt-[calc(var(--header-height)+min(200px,max(70px,20svh)))]\" dir=\"auto\" tabindex=\"-1\" data-testid=\"conversation-turn-10\" data-scroll-anchor=\"false\" data-turn=\"assistant\">\n<div class=\"text-base my-auto mx-auto [--thread-content-margin:--spacing(4)] @[37rem]:[--thread-content-margin:--spacing(6)] @[72rem]:[--thread-content-margin:--spacing(16)] px-(--thread-content-margin)\">\n<div class=\"[--thread-content-max-width:32rem] @[34rem]:[--thread-content-max-width:40rem] @[64rem]:[--thread-content-max-width:48rem] mx-auto max-w-(--thread-content-max-width) flex-1 group\/turn-messages focus-visible:outline-hidden relative flex w-full min-w-0 flex-col agent-turn\" tabindex=\"-1\">\n<div class=\"flex max-w-full flex-col grow\">\n<div class=\"min-h-8 text-message relative flex w-full flex-col items-end gap-2 text-start break-words whitespace-normal [.text-message+&amp;]:mt-5\" dir=\"auto\" data-message-author-role=\"assistant\" data-message-id=\"6ebccc11-1947-4dbb-8dd9-99df226f0d45\" data-message-model-slug=\"gpt-4o-mini\">\n<div class=\"flex w-full flex-col gap-1 empty:hidden first:pt-[3px]\">\n<div class=\"markdown prose dark:prose-invert w-full break-words light markdown-new-styling\">\n<p data-start=\"0\" data-end=\"218\" data-is-last-node=\"\" data-is-only-node=\"\">Sch\u00fctze dein iPhone 16 Pro mit einer H\u00fclle, die sowohl robust als auch stilvoll ist. Mit ihrem praktischen Design und innovativen Funktionen bietet sie deinem Ger\u00e4t optimalen Schutz und eine verbesserte Handhabung.<\/p>\n<\/div>\n<\/div>\n<\/div>\n<\/div>\n<\/div>\n<\/div>\n<\/article>\n","protected":false},"featured_media":1522,"comment_status":"open","ping_status":"closed","template":"","meta":[],"product_brand":[20],"product_cat":[49],"product_tag":[62],"class_list":{"0":"post-1518","1":"product","2":"type-product","3":"status-publish","4":"has-post-thumbnail","6":"product_brand-apple","7":"product_cat-iphone-16-pro","8":"product_tag-huellen","9":"pa_farbe-blau","10":"pa_farbe-gelb","11":"pa_farbe-rot","12":"pa_farbe-schwarz","14":"entry","15":"has-media","17":"first","18":"instock","19":"shipping-taxable","20":"purchasable","21":"product-type-variable","22":"has-product-nav","23":"col","24":"span_1_of_3","25":"owp-content-center","26":"owp-thumbs-layout-horizontal","27":"owp-btn-normal","28":"owp-tabs-layout-horizontal"},"yoast_head":"<!-- This site is optimized with the Yoast SEO plugin v26.2 - https:\/\/yoast.com\/wordpress\/plugins\/seo\/ -->\n<title>H\u00fclle mit Ringhalterung f\u00fcr iPhone 16 Pro - nextronik<\/title>\n<meta name=\"robots\" content=\"index, follow, max-snippet:-1, max-image-preview:large, max-video-preview:-1\" \/>\n<link rel=\"canonical\" href=\"https:\/\/nextronik.de\/index.php\/produkt\/galio-handyhuelle-mit-ringhalterung\/\" \/>\n<meta property=\"og:locale\" content=\"de_DE\" \/>\n<meta property=\"og:type\" content=\"article\" \/>\n<meta property=\"og:title\" content=\"H\u00fclle mit Ringhalterung f\u00fcr iPhone 16 Pro - nextronik\" \/>\n<meta property=\"og:description\" content=\"Sch\u00fctze dein iPhone 16 Pro mit einer H\u00fclle, die sowohl robust als auch stilvoll ist. Mit ihrem praktischen Design und innovativen Funktionen bietet sie deinem Ger\u00e4t optimalen Schutz und eine verbesserte Handhabung.\" \/>\n<meta property=\"og:url\" content=\"https:\/\/nextronik.de\/index.php\/produkt\/galio-handyhuelle-mit-ringhalterung\/\" \/>\n<meta property=\"og:site_name\" content=\"nextronik\" \/>\n<meta property=\"article:modified_time\" content=\"2025-08-03T18:58:45+00:00\" \/>\n<meta property=\"og:image\" content=\"https:\/\/nextronik.de\/wp-content\/uploads\/2025\/06\/iPhone16pro_mh_yellow.jpg\" \/>\n\t<meta property=\"og:image:width\" content=\"750\" \/>\n\t<meta property=\"og:image:height\" content=\"900\" \/>\n\t<meta property=\"og:image:type\" content=\"image\/jpeg\" \/>\n<meta name=\"twitter:card\" content=\"summary_large_image\" \/>\n<meta name=\"twitter:label1\" content=\"Gesch\u00e4tzte Lesezeit\" \/>\n\t<meta name=\"twitter:data1\" content=\"1\u00a0Minute\" \/>\n<script type=\"application\/ld+json\" class=\"yoast-schema-graph\">{\"@context\":\"https:\/\/schema.org\",\"@graph\":[{\"@type\":\"WebPage\",\"@id\":\"https:\/\/nextronik.de\/index.php\/produkt\/galio-handyhuelle-mit-ringhalterung\/\",\"url\":\"https:\/\/nextronik.de\/index.php\/produkt\/galio-handyhuelle-mit-ringhalterung\/\",\"name\":\"H\u00fclle mit Ringhalterung f\u00fcr iPhone 16 Pro - nextronik\",\"isPartOf\":{\"@id\":\"https:\/\/nextronik.de\/#website\"},\"primaryImageOfPage\":{\"@id\":\"https:\/\/nextronik.de\/index.php\/produkt\/galio-handyhuelle-mit-ringhalterung\/#primaryimage\"},\"image\":{\"@id\":\"https:\/\/nextronik.de\/index.php\/produkt\/galio-handyhuelle-mit-ringhalterung\/#primaryimage\"},\"thumbnailUrl\":\"https:\/\/nextronik.de\/wp-content\/uploads\/2025\/06\/iPhone16pro_mh_yellow.jpg\",\"datePublished\":\"2025-06-10T08:51:10+00:00\",\"dateModified\":\"2025-08-03T18:58:45+00:00\",\"breadcrumb\":{\"@id\":\"https:\/\/nextronik.de\/index.php\/produkt\/galio-handyhuelle-mit-ringhalterung\/#breadcrumb\"},\"inLanguage\":\"de\",\"potentialAction\":[{\"@type\":\"ReadAction\",\"target\":[\"https:\/\/nextronik.de\/index.php\/produkt\/galio-handyhuelle-mit-ringhalterung\/\"]}]},{\"@type\":\"ImageObject\",\"inLanguage\":\"de\",\"@id\":\"https:\/\/nextronik.de\/index.php\/produkt\/galio-handyhuelle-mit-ringhalterung\/#primaryimage\",\"url\":\"https:\/\/nextronik.de\/wp-content\/uploads\/2025\/06\/iPhone16pro_mh_yellow.jpg\",\"contentUrl\":\"https:\/\/nextronik.de\/wp-content\/uploads\/2025\/06\/iPhone16pro_mh_yellow.jpg\",\"width\":750,\"height\":900},{\"@type\":\"BreadcrumbList\",\"@id\":\"https:\/\/nextronik.de\/index.php\/produkt\/galio-handyhuelle-mit-ringhalterung\/#breadcrumb\",\"itemListElement\":[{\"@type\":\"ListItem\",\"position\":1,\"name\":\"Startseite\",\"item\":\"https:\/\/nextronik.de\/\"},{\"@type\":\"ListItem\",\"position\":2,\"name\":\"Shop\",\"item\":\"https:\/\/nextronik.de\/index.php\/shop\/\"},{\"@type\":\"ListItem\",\"position\":3,\"name\":\"H\u00fclle mit Ringhalterung f\u00fcr iPhone 16 Pro\"}]},{\"@type\":\"WebSite\",\"@id\":\"https:\/\/nextronik.de\/#website\",\"url\":\"https:\/\/nextronik.de\/\",\"name\":\"Ihr g\u00fcnstiger Handyzubeh\u00f6r Anbieter > Nextronik\",\"description\":\"\",\"publisher\":{\"@id\":\"https:\/\/nextronik.de\/#organization\"},\"potentialAction\":[{\"@type\":\"SearchAction\",\"target\":{\"@type\":\"EntryPoint\",\"urlTemplate\":\"https:\/\/nextronik.de\/?s={search_term_string}\"},\"query-input\":{\"@type\":\"PropertyValueSpecification\",\"valueRequired\":true,\"valueName\":\"search_term_string\"}}],\"inLanguage\":\"de\"},{\"@type\":\"Organization\",\"@id\":\"https:\/\/nextronik.de\/#organization\",\"name\":\"Rund ums Handy > Nextronik\",\"url\":\"https:\/\/nextronik.de\/\",\"logo\":{\"@type\":\"ImageObject\",\"inLanguage\":\"de\",\"@id\":\"https:\/\/nextronik.de\/#\/schema\/logo\/image\/\",\"url\":\"https:\/\/nextronik.de\/wp-content\/uploads\/2025\/07\/nextronik_logo_2025.png\",\"contentUrl\":\"https:\/\/nextronik.de\/wp-content\/uploads\/2025\/07\/nextronik_logo_2025.png\",\"width\":1000,\"height\":216,\"caption\":\"Rund ums Handy > Nextronik\"},\"image\":{\"@id\":\"https:\/\/nextronik.de\/#\/schema\/logo\/image\/\"}}]}<\/script>\n<!-- \/ Yoast SEO plugin. -->","yoast_head_json":{"title":"H\u00fclle mit Ringhalterung f\u00fcr iPhone 16 Pro - nextronik","robots":{"index":"index","follow":"follow","max-snippet":"max-snippet:-1","max-image-preview":"max-image-preview:large","max-video-preview":"max-video-preview:-1"},"canonical":"https:\/\/nextronik.de\/index.php\/produkt\/galio-handyhuelle-mit-ringhalterung\/","og_locale":"de_DE","og_type":"article","og_title":"H\u00fclle mit Ringhalterung f\u00fcr iPhone 16 Pro - nextronik","og_description":"Sch\u00fctze dein iPhone 16 Pro mit einer H\u00fclle, die sowohl robust als auch stilvoll ist. Mit ihrem praktischen Design und innovativen Funktionen bietet sie deinem Ger\u00e4t optimalen Schutz und eine verbesserte Handhabung.","og_url":"https:\/\/nextronik.de\/index.php\/produkt\/galio-handyhuelle-mit-ringhalterung\/","og_site_name":"nextronik","article_modified_time":"2025-08-03T18:58:45+00:00","og_image":[{"width":750,"height":900,"url":"https:\/\/nextronik.de\/wp-content\/uploads\/2025\/06\/iPhone16pro_mh_yellow.jpg","type":"image\/jpeg"}],"twitter_card":"summary_large_image","twitter_misc":{"Gesch\u00e4tzte Lesezeit":"1\u00a0Minute"},"schema":{"@context":"https:\/\/schema.org","@graph":[{"@type":"WebPage","@id":"https:\/\/nextronik.de\/index.php\/produkt\/galio-handyhuelle-mit-ringhalterung\/","url":"https:\/\/nextronik.de\/index.php\/produkt\/galio-handyhuelle-mit-ringhalterung\/","name":"H\u00fclle mit Ringhalterung f\u00fcr iPhone 16 Pro - nextronik","isPartOf":{"@id":"https:\/\/nextronik.de\/#website"},"primaryImageOfPage":{"@id":"https:\/\/nextronik.de\/index.php\/produkt\/galio-handyhuelle-mit-ringhalterung\/#primaryimage"},"image":{"@id":"https:\/\/nextronik.de\/index.php\/produkt\/galio-handyhuelle-mit-ringhalterung\/#primaryimage"},"thumbnailUrl":"https:\/\/nextronik.de\/wp-content\/uploads\/2025\/06\/iPhone16pro_mh_yellow.jpg","datePublished":"2025-06-10T08:51:10+00:00","dateModified":"2025-08-03T18:58:45+00:00","breadcrumb":{"@id":"https:\/\/nextronik.de\/index.php\/produkt\/galio-handyhuelle-mit-ringhalterung\/#breadcrumb"},"inLanguage":"de","potentialAction":[{"@type":"ReadAction","target":["https:\/\/nextronik.de\/index.php\/produkt\/galio-handyhuelle-mit-ringhalterung\/"]}]},{"@type":"ImageObject","inLanguage":"de","@id":"https:\/\/nextronik.de\/index.php\/produkt\/galio-handyhuelle-mit-ringhalterung\/#primaryimage","url":"https:\/\/nextronik.de\/wp-content\/uploads\/2025\/06\/iPhone16pro_mh_yellow.jpg","contentUrl":"https:\/\/nextronik.de\/wp-content\/uploads\/2025\/06\/iPhone16pro_mh_yellow.jpg","width":750,"height":900},{"@type":"BreadcrumbList","@id":"https:\/\/nextronik.de\/index.php\/produkt\/galio-handyhuelle-mit-ringhalterung\/#breadcrumb","itemListElement":[{"@type":"ListItem","position":1,"name":"Startseite","item":"https:\/\/nextronik.de\/"},{"@type":"ListItem","position":2,"name":"Shop","item":"https:\/\/nextronik.de\/index.php\/shop\/"},{"@type":"ListItem","position":3,"name":"H\u00fclle mit Ringhalterung f\u00fcr iPhone 16 Pro"}]},{"@type":"WebSite","@id":"https:\/\/nextronik.de\/#website","url":"https:\/\/nextronik.de\/","name":"Ihr g\u00fcnstiger Handyzubeh\u00f6r Anbieter > Nextronik","description":"","publisher":{"@id":"https:\/\/nextronik.de\/#organization"},"potentialAction":[{"@type":"SearchAction","target":{"@type":"EntryPoint","urlTemplate":"https:\/\/nextronik.de\/?s={search_term_string}"},"query-input":{"@type":"PropertyValueSpecification","valueRequired":true,"valueName":"search_term_string"}}],"inLanguage":"de"},{"@type":"Organization","@id":"https:\/\/nextronik.de\/#organization","name":"Rund ums Handy > Nextronik","url":"https:\/\/nextronik.de\/","logo":{"@type":"ImageObject","inLanguage":"de","@id":"https:\/\/nextronik.de\/#\/schema\/logo\/image\/","url":"https:\/\/nextronik.de\/wp-content\/uploads\/2025\/07\/nextronik_logo_2025.png","contentUrl":"https:\/\/nextronik.de\/wp-content\/uploads\/2025\/07\/nextronik_logo_2025.png","width":1000,"height":216,"caption":"Rund ums Handy > Nextronik"},"image":{"@id":"https:\/\/nextronik.de\/#\/schema\/logo\/image\/"}}]}},"_links":{"self":[{"href":"https:\/\/nextronik.de\/index.php\/wp-json\/wp\/v2\/product\/1518","targetHints":{"allow":["GET"]}}],"collection":[{"href":"https:\/\/nextronik.de\/index.php\/wp-json\/wp\/v2\/product"}],"about":[{"href":"https:\/\/nextronik.de\/index.php\/wp-json\/wp\/v2\/types\/product"}],"replies":[{"embeddable":true,"href":"https:\/\/nextronik.de\/index.php\/wp-json\/wp\/v2\/comments?post=1518"}],"wp:featuredmedia":[{"embeddable":true,"href":"https:\/\/nextronik.de\/index.php\/wp-json\/wp\/v2\/media\/1522"}],"wp:attachment":[{"href":"https:\/\/nextronik.de\/index.php\/wp-json\/wp\/v2\/media?parent=1518"}],"wp:term":[{"taxonomy":"product_brand","embeddable":true,"href":"https:\/\/nextronik.de\/index.php\/wp-json\/wp\/v2\/product_brand?post=1518"},{"taxonomy":"product_cat","embeddable":true,"href":"https:\/\/nextronik.de\/index.php\/wp-json\/wp\/v2\/product_cat?post=1518"},{"taxonomy":"product_tag","embeddable":true,"href":"https:\/\/nextronik.de\/index.php\/wp-json\/wp\/v2\/product_tag?post=1518"}],"curies":[{"name":"wp","href":"https:\/\/api.w.org\/{rel}","templated":true}]}}