{"id":1611,"date":"2025-06-11T12:29:59","date_gmt":"2025-06-11T12:29:59","guid":{"rendered":"https:\/\/nextronik.de\/?post_type=product&#038;p=1611"},"modified":"2025-08-04T12:42:54","modified_gmt":"2025-08-04T12:42:54","slug":"galio-handyhuelle-mit-ringhalterung-10","status":"publish","type":"product","link":"https:\/\/nextronik.de\/index.php\/produkt\/galio-handyhuelle-mit-ringhalterung-10\/","title":{"rendered":"Handyh\u00fclle mit Ringhalterung iPhone 13 Pro Max"},"content":{"rendered":"<p data-start=\"62\" data-end=\"142\">Silikonh\u00fclle f\u00fcr iPhone 13 Pro Max\u2013 Perfekter Schutz und praktisches Design. Verleihe deinem iPhone 13 Pro Max den besten Schutz und Komfort.<\/p>\n<h3 data-start=\"62\" data-end=\"142\"><strong><span style=\"color: #800080;\">\u00dcbersicht<\/span><\/strong><\/h3>\n<p data-start=\"146\" data-end=\"267\">Kompatibilit\u00e4t: Diese H\u00fclle wurde speziell f\u00fcr das iPhone 13 Pro Max entwickelt und bietet perfekten Sitz und Schutz.<\/p>\n<p data-start=\"270\" data-end=\"541\">Premium-Material: Hergestellt aus hochwertigem fl\u00fcssigem Silikon, das f\u00fcr ein angenehmes Griffgef\u00fchl sorgt. Die \u00e4u\u00dfere Textur ist rutschfest und hinterl\u00e4sst keine Fingerabdr\u00fccke, sodass dein iPhone immer makellos aussieht. Zudem l\u00e4sst sich die H\u00fclle leicht abwischen.<\/p>\n<p data-start=\"544\" data-end=\"831\">360\u00b0 Ringhalter: Der innovative, um 360 Grad drehbare Ringhalter sorgt f\u00fcr sicheren Halt und erm\u00f6glicht es dir, dein iPhone bequem in verschiedene Positionen zu drehen. Der zusammenklappbare St\u00e4nder sorgt daf\u00fcr, dass du Filme und Videos aus dem perfekten Blickwinkel genie\u00dfen kannst.<\/p>\n<p data-start=\"834\" data-end=\"1075\">Vollschutz f\u00fcr dein iPhone: Mit einer 1-2 mm erh\u00f6hten Kante sch\u00fctzt die H\u00fclle sowohl den Bildschirm als auch die Kamera deines iPhones vor Kratzern und St\u00f6\u00dfen. Das Mikrofaser-Innenfutter bietet zus\u00e4tzlich Schutz vor Kratzern und Schmutz.<\/p>\n<p data-start=\"1078\" data-end=\"1258\">Pr\u00e4zise Aussparungen: Alle Tasten, Anschl\u00fcsse und Kameras sind pr\u00e4zise ausgeschnitten, sodass du dein Handy bequem nutzen kannst, ohne die H\u00fclle abnehmen zu m\u00fcssen.<\/p>\n<p data-start=\"1261\" data-end=\"1437\">SpinClick Technologie: Der integrierte, 360\u00b0 drehbare Ringhalter kann als praktischer St\u00e4nder oder zum sicheren Halten des Smartphones genutzt werden \u2013 ideal f\u00fcr unterwegs.<\/p>\n","protected":false},"excerpt":{"rendered":"<p>Sch\u00fctze dein iPhone 13 Pro Max mit einer H\u00fclle, die sowohl robust als auch stilvoll ist. Mit ihrem praktischen Design und innovativen Funktionen bietet sie deinem Ger\u00e4t optimalen Schutz und eine verbesserte Handhabung.<\/p>\n","protected":false},"featured_media":1605,"comment_status":"open","ping_status":"closed","template":"","meta":[],"product_brand":[20],"product_cat":[73],"product_tag":[62],"class_list":{"0":"post-1611","1":"product","2":"type-product","3":"status-publish","4":"has-post-thumbnail","6":"product_brand-apple","7":"product_cat-iphone-13-pro-max","8":"product_tag-huellen","9":"pa_farbe-blau","10":"pa_farbe-gelb","11":"pa_farbe-rot","12":"pa_farbe-schwarz","14":"entry","15":"has-media","17":"first","18":"instock","19":"shipping-taxable","20":"purchasable","21":"product-type-variable","22":"has-product-nav","23":"col","24":"span_1_of_3","25":"owp-content-center","26":"owp-thumbs-layout-horizontal","27":"owp-btn-normal","28":"owp-tabs-layout-horizontal"},"yoast_head":"<!-- This site is optimized with the Yoast SEO plugin v26.2 - https:\/\/yoast.com\/wordpress\/plugins\/seo\/ -->\n<title>Handyh\u00fclle mit Ringhalterung iPhone 13 Pro Max - nextronik<\/title>\n<meta name=\"robots\" content=\"index, follow, max-snippet:-1, max-image-preview:large, max-video-preview:-1\" \/>\n<link rel=\"canonical\" href=\"https:\/\/nextronik.de\/index.php\/produkt\/galio-handyhuelle-mit-ringhalterung-10\/\" \/>\n<meta property=\"og:locale\" content=\"de_DE\" \/>\n<meta property=\"og:type\" content=\"article\" \/>\n<meta property=\"og:title\" content=\"Handyh\u00fclle mit Ringhalterung iPhone 13 Pro Max - nextronik\" \/>\n<meta property=\"og:description\" content=\"Sch\u00fctze dein iPhone 13 Pro Max mit einer H\u00fclle, die sowohl robust als auch stilvoll ist. Mit ihrem praktischen Design und innovativen Funktionen bietet sie deinem Ger\u00e4t optimalen Schutz und eine verbesserte Handhabung.\" \/>\n<meta property=\"og:url\" content=\"https:\/\/nextronik.de\/index.php\/produkt\/galio-handyhuelle-mit-ringhalterung-10\/\" \/>\n<meta property=\"og:site_name\" content=\"nextronik\" \/>\n<meta property=\"article:modified_time\" content=\"2025-08-04T12:42:54+00:00\" \/>\n<meta property=\"og:image\" content=\"https:\/\/nextronik.de\/wp-content\/uploads\/2025\/06\/iPhone13pro_mh_red.jpg\" \/>\n\t<meta property=\"og:image:width\" content=\"750\" \/>\n\t<meta property=\"og:image:height\" content=\"900\" \/>\n\t<meta property=\"og:image:type\" content=\"image\/jpeg\" \/>\n<meta name=\"twitter:card\" content=\"summary_large_image\" \/>\n<meta name=\"twitter:label1\" content=\"Gesch\u00e4tzte Lesezeit\" \/>\n\t<meta name=\"twitter:data1\" content=\"1\u00a0Minute\" \/>\n<script type=\"application\/ld+json\" class=\"yoast-schema-graph\">{\"@context\":\"https:\/\/schema.org\",\"@graph\":[{\"@type\":\"WebPage\",\"@id\":\"https:\/\/nextronik.de\/index.php\/produkt\/galio-handyhuelle-mit-ringhalterung-10\/\",\"url\":\"https:\/\/nextronik.de\/index.php\/produkt\/galio-handyhuelle-mit-ringhalterung-10\/\",\"name\":\"Handyh\u00fclle mit Ringhalterung iPhone 13 Pro Max - nextronik\",\"isPartOf\":{\"@id\":\"https:\/\/nextronik.de\/#website\"},\"primaryImageOfPage\":{\"@id\":\"https:\/\/nextronik.de\/index.php\/produkt\/galio-handyhuelle-mit-ringhalterung-10\/#primaryimage\"},\"image\":{\"@id\":\"https:\/\/nextronik.de\/index.php\/produkt\/galio-handyhuelle-mit-ringhalterung-10\/#primaryimage\"},\"thumbnailUrl\":\"https:\/\/nextronik.de\/wp-content\/uploads\/2025\/06\/iPhone13pro_mh_red.jpg\",\"datePublished\":\"2025-06-11T12:29:59+00:00\",\"dateModified\":\"2025-08-04T12:42:54+00:00\",\"breadcrumb\":{\"@id\":\"https:\/\/nextronik.de\/index.php\/produkt\/galio-handyhuelle-mit-ringhalterung-10\/#breadcrumb\"},\"inLanguage\":\"de\",\"potentialAction\":[{\"@type\":\"ReadAction\",\"target\":[\"https:\/\/nextronik.de\/index.php\/produkt\/galio-handyhuelle-mit-ringhalterung-10\/\"]}]},{\"@type\":\"ImageObject\",\"inLanguage\":\"de\",\"@id\":\"https:\/\/nextronik.de\/index.php\/produkt\/galio-handyhuelle-mit-ringhalterung-10\/#primaryimage\",\"url\":\"https:\/\/nextronik.de\/wp-content\/uploads\/2025\/06\/iPhone13pro_mh_red.jpg\",\"contentUrl\":\"https:\/\/nextronik.de\/wp-content\/uploads\/2025\/06\/iPhone13pro_mh_red.jpg\",\"width\":750,\"height\":900},{\"@type\":\"BreadcrumbList\",\"@id\":\"https:\/\/nextronik.de\/index.php\/produkt\/galio-handyhuelle-mit-ringhalterung-10\/#breadcrumb\",\"itemListElement\":[{\"@type\":\"ListItem\",\"position\":1,\"name\":\"Startseite\",\"item\":\"https:\/\/nextronik.de\/\"},{\"@type\":\"ListItem\",\"position\":2,\"name\":\"Shop\",\"item\":\"https:\/\/nextronik.de\/index.php\/shop\/\"},{\"@type\":\"ListItem\",\"position\":3,\"name\":\"Handyh\u00fclle mit Ringhalterung iPhone 13 Pro Max\"}]},{\"@type\":\"WebSite\",\"@id\":\"https:\/\/nextronik.de\/#website\",\"url\":\"https:\/\/nextronik.de\/\",\"name\":\"Ihr g\u00fcnstiger Handyzubeh\u00f6r Anbieter > Nextronik\",\"description\":\"\",\"publisher\":{\"@id\":\"https:\/\/nextronik.de\/#organization\"},\"potentialAction\":[{\"@type\":\"SearchAction\",\"target\":{\"@type\":\"EntryPoint\",\"urlTemplate\":\"https:\/\/nextronik.de\/?s={search_term_string}\"},\"query-input\":{\"@type\":\"PropertyValueSpecification\",\"valueRequired\":true,\"valueName\":\"search_term_string\"}}],\"inLanguage\":\"de\"},{\"@type\":\"Organization\",\"@id\":\"https:\/\/nextronik.de\/#organization\",\"name\":\"Rund ums Handy > Nextronik\",\"url\":\"https:\/\/nextronik.de\/\",\"logo\":{\"@type\":\"ImageObject\",\"inLanguage\":\"de\",\"@id\":\"https:\/\/nextronik.de\/#\/schema\/logo\/image\/\",\"url\":\"https:\/\/nextronik.de\/wp-content\/uploads\/2025\/07\/nextronik_logo_2025.png\",\"contentUrl\":\"https:\/\/nextronik.de\/wp-content\/uploads\/2025\/07\/nextronik_logo_2025.png\",\"width\":1000,\"height\":216,\"caption\":\"Rund ums Handy > Nextronik\"},\"image\":{\"@id\":\"https:\/\/nextronik.de\/#\/schema\/logo\/image\/\"}}]}<\/script>\n<!-- \/ Yoast SEO plugin. -->","yoast_head_json":{"title":"Handyh\u00fclle mit Ringhalterung iPhone 13 Pro Max - nextronik","robots":{"index":"index","follow":"follow","max-snippet":"max-snippet:-1","max-image-preview":"max-image-preview:large","max-video-preview":"max-video-preview:-1"},"canonical":"https:\/\/nextronik.de\/index.php\/produkt\/galio-handyhuelle-mit-ringhalterung-10\/","og_locale":"de_DE","og_type":"article","og_title":"Handyh\u00fclle mit Ringhalterung iPhone 13 Pro Max - nextronik","og_description":"Sch\u00fctze dein iPhone 13 Pro Max mit einer H\u00fclle, die sowohl robust als auch stilvoll ist. Mit ihrem praktischen Design und innovativen Funktionen bietet sie deinem Ger\u00e4t optimalen Schutz und eine verbesserte Handhabung.","og_url":"https:\/\/nextronik.de\/index.php\/produkt\/galio-handyhuelle-mit-ringhalterung-10\/","og_site_name":"nextronik","article_modified_time":"2025-08-04T12:42:54+00:00","og_image":[{"width":750,"height":900,"url":"https:\/\/nextronik.de\/wp-content\/uploads\/2025\/06\/iPhone13pro_mh_red.jpg","type":"image\/jpeg"}],"twitter_card":"summary_large_image","twitter_misc":{"Gesch\u00e4tzte Lesezeit":"1\u00a0Minute"},"schema":{"@context":"https:\/\/schema.org","@graph":[{"@type":"WebPage","@id":"https:\/\/nextronik.de\/index.php\/produkt\/galio-handyhuelle-mit-ringhalterung-10\/","url":"https:\/\/nextronik.de\/index.php\/produkt\/galio-handyhuelle-mit-ringhalterung-10\/","name":"Handyh\u00fclle mit Ringhalterung iPhone 13 Pro Max - nextronik","isPartOf":{"@id":"https:\/\/nextronik.de\/#website"},"primaryImageOfPage":{"@id":"https:\/\/nextronik.de\/index.php\/produkt\/galio-handyhuelle-mit-ringhalterung-10\/#primaryimage"},"image":{"@id":"https:\/\/nextronik.de\/index.php\/produkt\/galio-handyhuelle-mit-ringhalterung-10\/#primaryimage"},"thumbnailUrl":"https:\/\/nextronik.de\/wp-content\/uploads\/2025\/06\/iPhone13pro_mh_red.jpg","datePublished":"2025-06-11T12:29:59+00:00","dateModified":"2025-08-04T12:42:54+00:00","breadcrumb":{"@id":"https:\/\/nextronik.de\/index.php\/produkt\/galio-handyhuelle-mit-ringhalterung-10\/#breadcrumb"},"inLanguage":"de","potentialAction":[{"@type":"ReadAction","target":["https:\/\/nextronik.de\/index.php\/produkt\/galio-handyhuelle-mit-ringhalterung-10\/"]}]},{"@type":"ImageObject","inLanguage":"de","@id":"https:\/\/nextronik.de\/index.php\/produkt\/galio-handyhuelle-mit-ringhalterung-10\/#primaryimage","url":"https:\/\/nextronik.de\/wp-content\/uploads\/2025\/06\/iPhone13pro_mh_red.jpg","contentUrl":"https:\/\/nextronik.de\/wp-content\/uploads\/2025\/06\/iPhone13pro_mh_red.jpg","width":750,"height":900},{"@type":"BreadcrumbList","@id":"https:\/\/nextronik.de\/index.php\/produkt\/galio-handyhuelle-mit-ringhalterung-10\/#breadcrumb","itemListElement":[{"@type":"ListItem","position":1,"name":"Startseite","item":"https:\/\/nextronik.de\/"},{"@type":"ListItem","position":2,"name":"Shop","item":"https:\/\/nextronik.de\/index.php\/shop\/"},{"@type":"ListItem","position":3,"name":"Handyh\u00fclle mit Ringhalterung iPhone 13 Pro Max"}]},{"@type":"WebSite","@id":"https:\/\/nextronik.de\/#website","url":"https:\/\/nextronik.de\/","name":"Ihr g\u00fcnstiger Handyzubeh\u00f6r Anbieter > Nextronik","description":"","publisher":{"@id":"https:\/\/nextronik.de\/#organization"},"potentialAction":[{"@type":"SearchAction","target":{"@type":"EntryPoint","urlTemplate":"https:\/\/nextronik.de\/?s={search_term_string}"},"query-input":{"@type":"PropertyValueSpecification","valueRequired":true,"valueName":"search_term_string"}}],"inLanguage":"de"},{"@type":"Organization","@id":"https:\/\/nextronik.de\/#organization","name":"Rund ums Handy > Nextronik","url":"https:\/\/nextronik.de\/","logo":{"@type":"ImageObject","inLanguage":"de","@id":"https:\/\/nextronik.de\/#\/schema\/logo\/image\/","url":"https:\/\/nextronik.de\/wp-content\/uploads\/2025\/07\/nextronik_logo_2025.png","contentUrl":"https:\/\/nextronik.de\/wp-content\/uploads\/2025\/07\/nextronik_logo_2025.png","width":1000,"height":216,"caption":"Rund ums Handy > Nextronik"},"image":{"@id":"https:\/\/nextronik.de\/#\/schema\/logo\/image\/"}}]}},"_links":{"self":[{"href":"https:\/\/nextronik.de\/index.php\/wp-json\/wp\/v2\/product\/1611","targetHints":{"allow":["GET"]}}],"collection":[{"href":"https:\/\/nextronik.de\/index.php\/wp-json\/wp\/v2\/product"}],"about":[{"href":"https:\/\/nextronik.de\/index.php\/wp-json\/wp\/v2\/types\/product"}],"replies":[{"embeddable":true,"href":"https:\/\/nextronik.de\/index.php\/wp-json\/wp\/v2\/comments?post=1611"}],"wp:featuredmedia":[{"embeddable":true,"href":"https:\/\/nextronik.de\/index.php\/wp-json\/wp\/v2\/media\/1605"}],"wp:attachment":[{"href":"https:\/\/nextronik.de\/index.php\/wp-json\/wp\/v2\/media?parent=1611"}],"wp:term":[{"taxonomy":"product_brand","embeddable":true,"href":"https:\/\/nextronik.de\/index.php\/wp-json\/wp\/v2\/product_brand?post=1611"},{"taxonomy":"product_cat","embeddable":true,"href":"https:\/\/nextronik.de\/index.php\/wp-json\/wp\/v2\/product_cat?post=1611"},{"taxonomy":"product_tag","embeddable":true,"href":"https:\/\/nextronik.de\/index.php\/wp-json\/wp\/v2\/product_tag?post=1611"}],"curies":[{"name":"wp","href":"https:\/\/api.w.org\/{rel}","templated":true}]}}