{"id":2242,"date":"2025-06-19T10:42:11","date_gmt":"2025-06-19T10:42:11","guid":{"rendered":"https:\/\/nextronik.de\/?post_type=product&#038;p=2242"},"modified":"2025-08-03T17:54:38","modified_gmt":"2025-08-03T17:54:38","slug":"panzerglas-klar-2er-set-6","status":"publish","type":"product","link":"https:\/\/nextronik.de\/index.php\/produkt\/panzerglas-klar-2er-set-6\/","title":{"rendered":"Displayschutz iPhone 15 Plus"},"content":{"rendered":"<p data-start=\"133\" data-end=\"227\">Displayschutzglas f\u00fcr iPhone 15 Plus \u2013 Robustes Panzerglas mit erh\u00f6hter Kratzfestigkeit. Das Displayschutzglas f\u00fcr dein Smartphone sorgt f\u00fcr erstklassigen Schutz vor Kratzern und St\u00f6\u00dfen. Das klare Panzerglas bewahrt die brillante Darstellung deines Bildschirms und sch\u00fctzt vor Besch\u00e4digungen.<\/p>\n<h3 data-start=\"716\" data-end=\"739\"><span style=\"color: #800080;\"><strong data-start=\"716\" data-end=\"739\">\u00dcbersicht<\/strong><\/span><\/h3>\n<p data-start=\"743\" data-end=\"919\">HD DISPLAYGLAS: Starker Schutz und brillante Sicht \u2013 in nur wenigen Sekunden blasenfrei angebracht. Der 9H Tempered Protector passt perfekt zu deinem iPhone 15 Plus.<\/p>\n<p data-start=\"925\" data-end=\"1140\">Perfekte Passform: Der Displayschutz ist passgenau f\u00fcr das iPhone 15 Plus und passt sich perfekt der Fl\u00e4che des Displays an. Pr\u00e4zise verarbeitete Kanten und Aussparungen gew\u00e4hrleisten einen sicheren Sitz.<\/p>\n<p data-start=\"1144\" data-end=\"1328\">Bruchsicher und kratzfest: Das Panzerglas aus Echtglas sch\u00fctzt das Handy vor St\u00fcrzen und Kratzern. Mit der 9H Kratzfestigkeit bleibt dein Bildschirm gesch\u00fctzt.<\/p>\n<p data-start=\"1332\" data-end=\"1477\">3D TOUCH<strong>:<\/strong> Alle Touch-Eingaben werden ohne Einschr\u00e4nkungen durch das Glas weitergeleitet. Das durchsichtige Schutzglas ist nahezu unsichtbar.<\/p>\n<p data-start=\"1481\" data-end=\"1665\">Fast unsichtbar: Das hochwertige Material ist vollkommen durchsichtig und besonders widerstandsf\u00e4hig. Lufteinschl\u00fcsse werden effektiv vermieden, sodass die Folie immer klar bleibt.<\/p>\n<p data-start=\"1667\" data-end=\"1836\" data-is-last-node=\"\" data-is-only-node=\"\">Schnell angebracht, fast unsichtbar und sch\u00fctzt perfekt \u2013 Mit dem Panzerglas erh\u00e4lt dein Handy den besten Schutz gegen Kratzer und St\u00f6\u00dfe.<\/p>\n<div class=\"notranslate\"><\/div>\n","protected":false},"excerpt":{"rendered":"<p>Maximaler Schutz f\u00fcr dein iPhone 15 Plus \u2013 mit dem passgenauen, kratzfesten Panzerglas bleibt dein Display immer in einwandfreiem Zustand. Schnelle Anbringung, perfekte Sicht und vollst\u00e4ndige Touchscreen-Kompatibilit\u00e4t garantiert!<\/p>\n","protected":false},"featured_media":2243,"comment_status":"open","ping_status":"closed","template":"","meta":[],"product_brand":[20],"product_cat":[55],"product_tag":[63],"class_list":{"0":"post-2242","1":"product","2":"type-product","3":"status-publish","4":"has-post-thumbnail","6":"product_brand-apple","7":"product_cat-iphone-15-plus","8":"product_tag-displayschutz","10":"entry","11":"has-media","13":"first","14":"instock","15":"shipping-taxable","16":"purchasable","17":"product-type-simple","18":"has-product-nav","19":"col","20":"span_1_of_3","21":"owp-content-center","22":"owp-thumbs-layout-horizontal","23":"owp-btn-normal","24":"owp-tabs-layout-horizontal"},"yoast_head":"<!-- This site is optimized with the Yoast SEO plugin v26.2 - https:\/\/yoast.com\/wordpress\/plugins\/seo\/ -->\n<title>Displayschutz iPhone 15 Plus - nextronik<\/title>\n<meta name=\"robots\" content=\"index, follow, max-snippet:-1, max-image-preview:large, max-video-preview:-1\" \/>\n<link rel=\"canonical\" href=\"https:\/\/nextronik.de\/index.php\/produkt\/panzerglas-klar-2er-set-6\/\" \/>\n<meta property=\"og:locale\" content=\"de_DE\" \/>\n<meta property=\"og:type\" content=\"article\" \/>\n<meta property=\"og:title\" content=\"Displayschutz iPhone 15 Plus - nextronik\" \/>\n<meta property=\"og:description\" content=\"Maximaler Schutz f\u00fcr dein iPhone 15 Plus \u2013 mit dem passgenauen, kratzfesten Panzerglas bleibt dein Display immer in einwandfreiem Zustand. Schnelle Anbringung, perfekte Sicht und vollst\u00e4ndige Touchscreen-Kompatibilit\u00e4t garantiert!\" \/>\n<meta property=\"og:url\" content=\"https:\/\/nextronik.de\/index.php\/produkt\/panzerglas-klar-2er-set-6\/\" \/>\n<meta property=\"og:site_name\" content=\"nextronik\" \/>\n<meta property=\"article:modified_time\" content=\"2025-08-03T17:54:38+00:00\" \/>\n<meta property=\"og:image\" content=\"https:\/\/nextronik.de\/wp-content\/uploads\/2025\/06\/iPhone15_Plus_Panzerglas.jpg\" \/>\n\t<meta property=\"og:image:width\" content=\"750\" \/>\n\t<meta property=\"og:image:height\" content=\"900\" \/>\n\t<meta property=\"og:image:type\" content=\"image\/jpeg\" \/>\n<meta name=\"twitter:card\" content=\"summary_large_image\" \/>\n<meta name=\"twitter:label1\" content=\"Gesch\u00e4tzte Lesezeit\" \/>\n\t<meta name=\"twitter:data1\" content=\"1\u00a0Minute\" \/>\n<script type=\"application\/ld+json\" class=\"yoast-schema-graph\">{\"@context\":\"https:\/\/schema.org\",\"@graph\":[{\"@type\":\"WebPage\",\"@id\":\"https:\/\/nextronik.de\/index.php\/produkt\/panzerglas-klar-2er-set-6\/\",\"url\":\"https:\/\/nextronik.de\/index.php\/produkt\/panzerglas-klar-2er-set-6\/\",\"name\":\"Displayschutz iPhone 15 Plus - nextronik\",\"isPartOf\":{\"@id\":\"https:\/\/nextronik.de\/#website\"},\"primaryImageOfPage\":{\"@id\":\"https:\/\/nextronik.de\/index.php\/produkt\/panzerglas-klar-2er-set-6\/#primaryimage\"},\"image\":{\"@id\":\"https:\/\/nextronik.de\/index.php\/produkt\/panzerglas-klar-2er-set-6\/#primaryimage\"},\"thumbnailUrl\":\"https:\/\/nextronik.de\/wp-content\/uploads\/2025\/06\/iPhone15_Plus_Panzerglas.jpg\",\"datePublished\":\"2025-06-19T10:42:11+00:00\",\"dateModified\":\"2025-08-03T17:54:38+00:00\",\"breadcrumb\":{\"@id\":\"https:\/\/nextronik.de\/index.php\/produkt\/panzerglas-klar-2er-set-6\/#breadcrumb\"},\"inLanguage\":\"de\",\"potentialAction\":[{\"@type\":\"ReadAction\",\"target\":[\"https:\/\/nextronik.de\/index.php\/produkt\/panzerglas-klar-2er-set-6\/\"]}]},{\"@type\":\"ImageObject\",\"inLanguage\":\"de\",\"@id\":\"https:\/\/nextronik.de\/index.php\/produkt\/panzerglas-klar-2er-set-6\/#primaryimage\",\"url\":\"https:\/\/nextronik.de\/wp-content\/uploads\/2025\/06\/iPhone15_Plus_Panzerglas.jpg\",\"contentUrl\":\"https:\/\/nextronik.de\/wp-content\/uploads\/2025\/06\/iPhone15_Plus_Panzerglas.jpg\",\"width\":750,\"height\":900},{\"@type\":\"BreadcrumbList\",\"@id\":\"https:\/\/nextronik.de\/index.php\/produkt\/panzerglas-klar-2er-set-6\/#breadcrumb\",\"itemListElement\":[{\"@type\":\"ListItem\",\"position\":1,\"name\":\"Startseite\",\"item\":\"https:\/\/nextronik.de\/\"},{\"@type\":\"ListItem\",\"position\":2,\"name\":\"Shop\",\"item\":\"https:\/\/nextronik.de\/index.php\/shop\/\"},{\"@type\":\"ListItem\",\"position\":3,\"name\":\"Displayschutz iPhone 15 Plus\"}]},{\"@type\":\"WebSite\",\"@id\":\"https:\/\/nextronik.de\/#website\",\"url\":\"https:\/\/nextronik.de\/\",\"name\":\"Ihr g\u00fcnstiger Handyzubeh\u00f6r Anbieter > Nextronik\",\"description\":\"\",\"publisher\":{\"@id\":\"https:\/\/nextronik.de\/#organization\"},\"potentialAction\":[{\"@type\":\"SearchAction\",\"target\":{\"@type\":\"EntryPoint\",\"urlTemplate\":\"https:\/\/nextronik.de\/?s={search_term_string}\"},\"query-input\":{\"@type\":\"PropertyValueSpecification\",\"valueRequired\":true,\"valueName\":\"search_term_string\"}}],\"inLanguage\":\"de\"},{\"@type\":\"Organization\",\"@id\":\"https:\/\/nextronik.de\/#organization\",\"name\":\"Rund ums Handy > Nextronik\",\"url\":\"https:\/\/nextronik.de\/\",\"logo\":{\"@type\":\"ImageObject\",\"inLanguage\":\"de\",\"@id\":\"https:\/\/nextronik.de\/#\/schema\/logo\/image\/\",\"url\":\"https:\/\/nextronik.de\/wp-content\/uploads\/2025\/07\/nextronik_logo_2025.png\",\"contentUrl\":\"https:\/\/nextronik.de\/wp-content\/uploads\/2025\/07\/nextronik_logo_2025.png\",\"width\":1000,\"height\":216,\"caption\":\"Rund ums Handy > Nextronik\"},\"image\":{\"@id\":\"https:\/\/nextronik.de\/#\/schema\/logo\/image\/\"}}]}<\/script>\n<!-- \/ Yoast SEO plugin. -->","yoast_head_json":{"title":"Displayschutz iPhone 15 Plus - nextronik","robots":{"index":"index","follow":"follow","max-snippet":"max-snippet:-1","max-image-preview":"max-image-preview:large","max-video-preview":"max-video-preview:-1"},"canonical":"https:\/\/nextronik.de\/index.php\/produkt\/panzerglas-klar-2er-set-6\/","og_locale":"de_DE","og_type":"article","og_title":"Displayschutz iPhone 15 Plus - nextronik","og_description":"Maximaler Schutz f\u00fcr dein iPhone 15 Plus \u2013 mit dem passgenauen, kratzfesten Panzerglas bleibt dein Display immer in einwandfreiem Zustand. Schnelle Anbringung, perfekte Sicht und vollst\u00e4ndige Touchscreen-Kompatibilit\u00e4t garantiert!","og_url":"https:\/\/nextronik.de\/index.php\/produkt\/panzerglas-klar-2er-set-6\/","og_site_name":"nextronik","article_modified_time":"2025-08-03T17:54:38+00:00","og_image":[{"width":750,"height":900,"url":"https:\/\/nextronik.de\/wp-content\/uploads\/2025\/06\/iPhone15_Plus_Panzerglas.jpg","type":"image\/jpeg"}],"twitter_card":"summary_large_image","twitter_misc":{"Gesch\u00e4tzte Lesezeit":"1\u00a0Minute"},"schema":{"@context":"https:\/\/schema.org","@graph":[{"@type":"WebPage","@id":"https:\/\/nextronik.de\/index.php\/produkt\/panzerglas-klar-2er-set-6\/","url":"https:\/\/nextronik.de\/index.php\/produkt\/panzerglas-klar-2er-set-6\/","name":"Displayschutz iPhone 15 Plus - nextronik","isPartOf":{"@id":"https:\/\/nextronik.de\/#website"},"primaryImageOfPage":{"@id":"https:\/\/nextronik.de\/index.php\/produkt\/panzerglas-klar-2er-set-6\/#primaryimage"},"image":{"@id":"https:\/\/nextronik.de\/index.php\/produkt\/panzerglas-klar-2er-set-6\/#primaryimage"},"thumbnailUrl":"https:\/\/nextronik.de\/wp-content\/uploads\/2025\/06\/iPhone15_Plus_Panzerglas.jpg","datePublished":"2025-06-19T10:42:11+00:00","dateModified":"2025-08-03T17:54:38+00:00","breadcrumb":{"@id":"https:\/\/nextronik.de\/index.php\/produkt\/panzerglas-klar-2er-set-6\/#breadcrumb"},"inLanguage":"de","potentialAction":[{"@type":"ReadAction","target":["https:\/\/nextronik.de\/index.php\/produkt\/panzerglas-klar-2er-set-6\/"]}]},{"@type":"ImageObject","inLanguage":"de","@id":"https:\/\/nextronik.de\/index.php\/produkt\/panzerglas-klar-2er-set-6\/#primaryimage","url":"https:\/\/nextronik.de\/wp-content\/uploads\/2025\/06\/iPhone15_Plus_Panzerglas.jpg","contentUrl":"https:\/\/nextronik.de\/wp-content\/uploads\/2025\/06\/iPhone15_Plus_Panzerglas.jpg","width":750,"height":900},{"@type":"BreadcrumbList","@id":"https:\/\/nextronik.de\/index.php\/produkt\/panzerglas-klar-2er-set-6\/#breadcrumb","itemListElement":[{"@type":"ListItem","position":1,"name":"Startseite","item":"https:\/\/nextronik.de\/"},{"@type":"ListItem","position":2,"name":"Shop","item":"https:\/\/nextronik.de\/index.php\/shop\/"},{"@type":"ListItem","position":3,"name":"Displayschutz iPhone 15 Plus"}]},{"@type":"WebSite","@id":"https:\/\/nextronik.de\/#website","url":"https:\/\/nextronik.de\/","name":"Ihr g\u00fcnstiger Handyzubeh\u00f6r Anbieter > Nextronik","description":"","publisher":{"@id":"https:\/\/nextronik.de\/#organization"},"potentialAction":[{"@type":"SearchAction","target":{"@type":"EntryPoint","urlTemplate":"https:\/\/nextronik.de\/?s={search_term_string}"},"query-input":{"@type":"PropertyValueSpecification","valueRequired":true,"valueName":"search_term_string"}}],"inLanguage":"de"},{"@type":"Organization","@id":"https:\/\/nextronik.de\/#organization","name":"Rund ums Handy > Nextronik","url":"https:\/\/nextronik.de\/","logo":{"@type":"ImageObject","inLanguage":"de","@id":"https:\/\/nextronik.de\/#\/schema\/logo\/image\/","url":"https:\/\/nextronik.de\/wp-content\/uploads\/2025\/07\/nextronik_logo_2025.png","contentUrl":"https:\/\/nextronik.de\/wp-content\/uploads\/2025\/07\/nextronik_logo_2025.png","width":1000,"height":216,"caption":"Rund ums Handy > Nextronik"},"image":{"@id":"https:\/\/nextronik.de\/#\/schema\/logo\/image\/"}}]}},"_links":{"self":[{"href":"https:\/\/nextronik.de\/index.php\/wp-json\/wp\/v2\/product\/2242","targetHints":{"allow":["GET"]}}],"collection":[{"href":"https:\/\/nextronik.de\/index.php\/wp-json\/wp\/v2\/product"}],"about":[{"href":"https:\/\/nextronik.de\/index.php\/wp-json\/wp\/v2\/types\/product"}],"replies":[{"embeddable":true,"href":"https:\/\/nextronik.de\/index.php\/wp-json\/wp\/v2\/comments?post=2242"}],"wp:featuredmedia":[{"embeddable":true,"href":"https:\/\/nextronik.de\/index.php\/wp-json\/wp\/v2\/media\/2243"}],"wp:attachment":[{"href":"https:\/\/nextronik.de\/index.php\/wp-json\/wp\/v2\/media?parent=2242"}],"wp:term":[{"taxonomy":"product_brand","embeddable":true,"href":"https:\/\/nextronik.de\/index.php\/wp-json\/wp\/v2\/product_brand?post=2242"},{"taxonomy":"product_cat","embeddable":true,"href":"https:\/\/nextronik.de\/index.php\/wp-json\/wp\/v2\/product_cat?post=2242"},{"taxonomy":"product_tag","embeddable":true,"href":"https:\/\/nextronik.de\/index.php\/wp-json\/wp\/v2\/product_tag?post=2242"}],"curies":[{"name":"wp","href":"https:\/\/api.w.org\/{rel}","templated":true}]}}