{"id":2472,"date":"2025-06-24T10:38:05","date_gmt":"2025-06-24T10:38:05","guid":{"rendered":"https:\/\/nextronik.de\/?post_type=product&#038;p=2472"},"modified":"2025-09-04T09:15:49","modified_gmt":"2025-09-04T09:15:49","slug":"gh-155-handyhalterung","status":"publish","type":"product","link":"https:\/\/nextronik.de\/index.php\/produkt\/gh-155-handyhalterung\/","title":{"rendered":"GH-155 Handyhalterung f\u00fcr Schreibtisch"},"content":{"rendered":"<p data-start=\"0\" data-end=\"85\">GH-155 Handy Halterung f\u00fcr Schreibtisch \u2013 Deine perfekte L\u00f6sung f\u00fcr mehr Komfort! Verabschiede dich von unordentlichen Tischen und st\u00e4ndigen Griffen nach deinem Handy! Mit der GH-155 Handy Halterung f\u00fcr Schreibtisch kannst du dein Smartphone jederzeit bequem und sicher ablegen \u2013 ideal f\u00fcr den B\u00fcroalltag, Homeoffice oder einfach zu Hause. Diese Halterung bietet dir maximale Flexibilit\u00e4t und hilft dir dabei, produktiver und organisierter zu arbeiten.<\/p>\n<h3 data-start=\"467\" data-end=\"482\"><span style=\"color: #800080;\"><strong data-start=\"467\" data-end=\"482\">\u00dcbersicht<\/strong><\/span><\/h3>\n<p data-start=\"37\" data-end=\"64\">0 bis 110 Grad einstellbar.<\/p>\n<p data-start=\"67\" data-end=\"76\">Klappbar.<\/p>\n<p data-start=\"79\" data-end=\"119\"><strong>Verwenden:<\/strong> Handys, Tablets bis 7,9 Zoll.<\/p>\n<p data-start=\"122\" data-end=\"137\"><strong>Farbe:<\/strong> Schwarz.<\/p>\n<p data-start=\"140\" data-end=\"164\" data-is-last-node=\"\"><strong>Material:<\/strong> Abs, Pom, PVC.<\/p>\n<div class=\"notranslate\" style=\"all: initial;\"><\/div>\n","protected":false},"excerpt":{"rendered":"<p>Mit der Galio deluxe Handy Halterung k\u00f6nnen Sie Ihr Handy ganz einfach horizontal und vertikal auf dem Schreibtisch nutzen.<\/p>\n","protected":false},"featured_media":2473,"comment_status":"open","ping_status":"closed","template":"","meta":[],"product_brand":[],"product_cat":[66],"product_tag":[127,135],"class_list":{"0":"post-2472","1":"product","2":"type-product","3":"status-publish","4":"has-post-thumbnail","6":"product_cat-universal","7":"product_tag-halterungssysteme","8":"product_tag-tischhalterung","10":"entry","11":"has-media","13":"first","14":"instock","15":"shipping-taxable","16":"purchasable","17":"product-type-simple","18":"has-product-nav","19":"col","20":"span_1_of_3","21":"owp-content-center","22":"owp-thumbs-layout-horizontal","23":"owp-btn-normal","24":"owp-tabs-layout-horizontal"},"yoast_head":"<!-- This site is optimized with the Yoast SEO plugin v26.2 - https:\/\/yoast.com\/wordpress\/plugins\/seo\/ -->\n<title>GH-155 Handyhalterung f\u00fcr Schreibtisch - nextronik<\/title>\n<meta name=\"robots\" content=\"index, follow, max-snippet:-1, max-image-preview:large, max-video-preview:-1\" \/>\n<link rel=\"canonical\" href=\"https:\/\/nextronik.de\/index.php\/produkt\/gh-155-handyhalterung\/\" \/>\n<meta property=\"og:locale\" content=\"de_DE\" \/>\n<meta property=\"og:type\" content=\"article\" \/>\n<meta property=\"og:title\" content=\"GH-155 Handyhalterung f\u00fcr Schreibtisch - nextronik\" \/>\n<meta property=\"og:description\" content=\"Mit der Galio deluxe Handy Halterung k\u00f6nnen Sie Ihr Handy ganz einfach horizontal und vertikal auf dem Schreibtisch nutzen.\" \/>\n<meta property=\"og:url\" content=\"https:\/\/nextronik.de\/index.php\/produkt\/gh-155-handyhalterung\/\" \/>\n<meta property=\"og:site_name\" content=\"nextronik\" \/>\n<meta property=\"article:modified_time\" content=\"2025-09-04T09:15:49+00:00\" \/>\n<meta property=\"og:image\" content=\"https:\/\/nextronik.de\/wp-content\/uploads\/2025\/06\/GH-155.jpg\" \/>\n\t<meta property=\"og:image:width\" content=\"750\" \/>\n\t<meta property=\"og:image:height\" content=\"900\" \/>\n\t<meta property=\"og:image:type\" content=\"image\/jpeg\" \/>\n<meta name=\"twitter:card\" content=\"summary_large_image\" \/>\n<script type=\"application\/ld+json\" class=\"yoast-schema-graph\">{\"@context\":\"https:\/\/schema.org\",\"@graph\":[{\"@type\":\"WebPage\",\"@id\":\"https:\/\/nextronik.de\/index.php\/produkt\/gh-155-handyhalterung\/\",\"url\":\"https:\/\/nextronik.de\/index.php\/produkt\/gh-155-handyhalterung\/\",\"name\":\"GH-155 Handyhalterung f\u00fcr Schreibtisch - nextronik\",\"isPartOf\":{\"@id\":\"https:\/\/nextronik.de\/#website\"},\"primaryImageOfPage\":{\"@id\":\"https:\/\/nextronik.de\/index.php\/produkt\/gh-155-handyhalterung\/#primaryimage\"},\"image\":{\"@id\":\"https:\/\/nextronik.de\/index.php\/produkt\/gh-155-handyhalterung\/#primaryimage\"},\"thumbnailUrl\":\"https:\/\/nextronik.de\/wp-content\/uploads\/2025\/06\/GH-155.jpg\",\"datePublished\":\"2025-06-24T10:38:05+00:00\",\"dateModified\":\"2025-09-04T09:15:49+00:00\",\"breadcrumb\":{\"@id\":\"https:\/\/nextronik.de\/index.php\/produkt\/gh-155-handyhalterung\/#breadcrumb\"},\"inLanguage\":\"de\",\"potentialAction\":[{\"@type\":\"ReadAction\",\"target\":[\"https:\/\/nextronik.de\/index.php\/produkt\/gh-155-handyhalterung\/\"]}]},{\"@type\":\"ImageObject\",\"inLanguage\":\"de\",\"@id\":\"https:\/\/nextronik.de\/index.php\/produkt\/gh-155-handyhalterung\/#primaryimage\",\"url\":\"https:\/\/nextronik.de\/wp-content\/uploads\/2025\/06\/GH-155.jpg\",\"contentUrl\":\"https:\/\/nextronik.de\/wp-content\/uploads\/2025\/06\/GH-155.jpg\",\"width\":750,\"height\":900},{\"@type\":\"BreadcrumbList\",\"@id\":\"https:\/\/nextronik.de\/index.php\/produkt\/gh-155-handyhalterung\/#breadcrumb\",\"itemListElement\":[{\"@type\":\"ListItem\",\"position\":1,\"name\":\"Startseite\",\"item\":\"https:\/\/nextronik.de\/\"},{\"@type\":\"ListItem\",\"position\":2,\"name\":\"Shop\",\"item\":\"https:\/\/nextronik.de\/index.php\/shop\/\"},{\"@type\":\"ListItem\",\"position\":3,\"name\":\"GH-155 Handyhalterung f\u00fcr Schreibtisch\"}]},{\"@type\":\"WebSite\",\"@id\":\"https:\/\/nextronik.de\/#website\",\"url\":\"https:\/\/nextronik.de\/\",\"name\":\"Ihr g\u00fcnstiger Handyzubeh\u00f6r Anbieter > Nextronik\",\"description\":\"\",\"publisher\":{\"@id\":\"https:\/\/nextronik.de\/#organization\"},\"potentialAction\":[{\"@type\":\"SearchAction\",\"target\":{\"@type\":\"EntryPoint\",\"urlTemplate\":\"https:\/\/nextronik.de\/?s={search_term_string}\"},\"query-input\":{\"@type\":\"PropertyValueSpecification\",\"valueRequired\":true,\"valueName\":\"search_term_string\"}}],\"inLanguage\":\"de\"},{\"@type\":\"Organization\",\"@id\":\"https:\/\/nextronik.de\/#organization\",\"name\":\"Rund ums Handy > Nextronik\",\"url\":\"https:\/\/nextronik.de\/\",\"logo\":{\"@type\":\"ImageObject\",\"inLanguage\":\"de\",\"@id\":\"https:\/\/nextronik.de\/#\/schema\/logo\/image\/\",\"url\":\"https:\/\/nextronik.de\/wp-content\/uploads\/2025\/07\/nextronik_logo_2025.png\",\"contentUrl\":\"https:\/\/nextronik.de\/wp-content\/uploads\/2025\/07\/nextronik_logo_2025.png\",\"width\":1000,\"height\":216,\"caption\":\"Rund ums Handy > Nextronik\"},\"image\":{\"@id\":\"https:\/\/nextronik.de\/#\/schema\/logo\/image\/\"}}]}<\/script>\n<!-- \/ Yoast SEO plugin. -->","yoast_head_json":{"title":"GH-155 Handyhalterung f\u00fcr Schreibtisch - nextronik","robots":{"index":"index","follow":"follow","max-snippet":"max-snippet:-1","max-image-preview":"max-image-preview:large","max-video-preview":"max-video-preview:-1"},"canonical":"https:\/\/nextronik.de\/index.php\/produkt\/gh-155-handyhalterung\/","og_locale":"de_DE","og_type":"article","og_title":"GH-155 Handyhalterung f\u00fcr Schreibtisch - nextronik","og_description":"Mit der Galio deluxe Handy Halterung k\u00f6nnen Sie Ihr Handy ganz einfach horizontal und vertikal auf dem Schreibtisch nutzen.","og_url":"https:\/\/nextronik.de\/index.php\/produkt\/gh-155-handyhalterung\/","og_site_name":"nextronik","article_modified_time":"2025-09-04T09:15:49+00:00","og_image":[{"width":750,"height":900,"url":"https:\/\/nextronik.de\/wp-content\/uploads\/2025\/06\/GH-155.jpg","type":"image\/jpeg"}],"twitter_card":"summary_large_image","schema":{"@context":"https:\/\/schema.org","@graph":[{"@type":"WebPage","@id":"https:\/\/nextronik.de\/index.php\/produkt\/gh-155-handyhalterung\/","url":"https:\/\/nextronik.de\/index.php\/produkt\/gh-155-handyhalterung\/","name":"GH-155 Handyhalterung f\u00fcr Schreibtisch - nextronik","isPartOf":{"@id":"https:\/\/nextronik.de\/#website"},"primaryImageOfPage":{"@id":"https:\/\/nextronik.de\/index.php\/produkt\/gh-155-handyhalterung\/#primaryimage"},"image":{"@id":"https:\/\/nextronik.de\/index.php\/produkt\/gh-155-handyhalterung\/#primaryimage"},"thumbnailUrl":"https:\/\/nextronik.de\/wp-content\/uploads\/2025\/06\/GH-155.jpg","datePublished":"2025-06-24T10:38:05+00:00","dateModified":"2025-09-04T09:15:49+00:00","breadcrumb":{"@id":"https:\/\/nextronik.de\/index.php\/produkt\/gh-155-handyhalterung\/#breadcrumb"},"inLanguage":"de","potentialAction":[{"@type":"ReadAction","target":["https:\/\/nextronik.de\/index.php\/produkt\/gh-155-handyhalterung\/"]}]},{"@type":"ImageObject","inLanguage":"de","@id":"https:\/\/nextronik.de\/index.php\/produkt\/gh-155-handyhalterung\/#primaryimage","url":"https:\/\/nextronik.de\/wp-content\/uploads\/2025\/06\/GH-155.jpg","contentUrl":"https:\/\/nextronik.de\/wp-content\/uploads\/2025\/06\/GH-155.jpg","width":750,"height":900},{"@type":"BreadcrumbList","@id":"https:\/\/nextronik.de\/index.php\/produkt\/gh-155-handyhalterung\/#breadcrumb","itemListElement":[{"@type":"ListItem","position":1,"name":"Startseite","item":"https:\/\/nextronik.de\/"},{"@type":"ListItem","position":2,"name":"Shop","item":"https:\/\/nextronik.de\/index.php\/shop\/"},{"@type":"ListItem","position":3,"name":"GH-155 Handyhalterung f\u00fcr Schreibtisch"}]},{"@type":"WebSite","@id":"https:\/\/nextronik.de\/#website","url":"https:\/\/nextronik.de\/","name":"Ihr g\u00fcnstiger Handyzubeh\u00f6r Anbieter > Nextronik","description":"","publisher":{"@id":"https:\/\/nextronik.de\/#organization"},"potentialAction":[{"@type":"SearchAction","target":{"@type":"EntryPoint","urlTemplate":"https:\/\/nextronik.de\/?s={search_term_string}"},"query-input":{"@type":"PropertyValueSpecification","valueRequired":true,"valueName":"search_term_string"}}],"inLanguage":"de"},{"@type":"Organization","@id":"https:\/\/nextronik.de\/#organization","name":"Rund ums Handy > Nextronik","url":"https:\/\/nextronik.de\/","logo":{"@type":"ImageObject","inLanguage":"de","@id":"https:\/\/nextronik.de\/#\/schema\/logo\/image\/","url":"https:\/\/nextronik.de\/wp-content\/uploads\/2025\/07\/nextronik_logo_2025.png","contentUrl":"https:\/\/nextronik.de\/wp-content\/uploads\/2025\/07\/nextronik_logo_2025.png","width":1000,"height":216,"caption":"Rund ums Handy > Nextronik"},"image":{"@id":"https:\/\/nextronik.de\/#\/schema\/logo\/image\/"}}]}},"_links":{"self":[{"href":"https:\/\/nextronik.de\/index.php\/wp-json\/wp\/v2\/product\/2472","targetHints":{"allow":["GET"]}}],"collection":[{"href":"https:\/\/nextronik.de\/index.php\/wp-json\/wp\/v2\/product"}],"about":[{"href":"https:\/\/nextronik.de\/index.php\/wp-json\/wp\/v2\/types\/product"}],"replies":[{"embeddable":true,"href":"https:\/\/nextronik.de\/index.php\/wp-json\/wp\/v2\/comments?post=2472"}],"wp:featuredmedia":[{"embeddable":true,"href":"https:\/\/nextronik.de\/index.php\/wp-json\/wp\/v2\/media\/2473"}],"wp:attachment":[{"href":"https:\/\/nextronik.de\/index.php\/wp-json\/wp\/v2\/media?parent=2472"}],"wp:term":[{"taxonomy":"product_brand","embeddable":true,"href":"https:\/\/nextronik.de\/index.php\/wp-json\/wp\/v2\/product_brand?post=2472"},{"taxonomy":"product_cat","embeddable":true,"href":"https:\/\/nextronik.de\/index.php\/wp-json\/wp\/v2\/product_cat?post=2472"},{"taxonomy":"product_tag","embeddable":true,"href":"https:\/\/nextronik.de\/index.php\/wp-json\/wp\/v2\/product_tag?post=2472"}],"curies":[{"name":"wp","href":"https:\/\/api.w.org\/{rel}","templated":true}]}}