{"id":2474,"date":"2025-06-24T10:40:54","date_gmt":"2025-06-24T10:40:54","guid":{"rendered":"https:\/\/nextronik.de\/?post_type=product&#038;p=2474"},"modified":"2025-09-04T09:00:53","modified_gmt":"2025-09-04T09:00:53","slug":"gl5n1ws-5in1-ladestation","status":"publish","type":"product","link":"https:\/\/nextronik.de\/index.php\/produkt\/gl5n1ws-5in1-ladestation\/","title":{"rendered":"GL5N1WS 5-in-1 Wireless Charging Station"},"content":{"rendered":"<p data-start=\"0\" data-end=\"93\">GL5N1WS 5-in-1 Wireless Charging Station \u2013 Die perfekte Ladel\u00f6sung f\u00fcr alle deine Ger\u00e4te! Erlebe die kombinierte Power von 5-in-1 kabellosem Laden mit der GL5N1WS Wireless Charging Station. Lade dein Smartphone, deine Smartwatch, Kopfh\u00f6rer und weitere Ger\u00e4te gleichzeitig \u2013 schnell und sicher. Mit einer Leistung von bis zu 15W f\u00fcr dein Smartphone ist diese Ladestation die ideale L\u00f6sung f\u00fcr dein Zuhause oder B\u00fcro.<\/p>\n<h3 data-start=\"450\" data-end=\"465\"><span style=\"color: #800080;\"><strong data-start=\"450\" data-end=\"465\">\u00dcbersicht<\/strong><\/span><\/h3>\n<p data-start=\"37\" data-end=\"56\"><strong data-start=\"37\" data-end=\"47\">Modell<\/strong>: GL5N1WS<\/p>\n<p data-start=\"59\" data-end=\"88\"><strong data-start=\"59\" data-end=\"78\">Produktmaterial<\/strong>: ABS + PC<\/p>\n<p data-start=\"91\" data-end=\"123\"><strong data-start=\"91\" data-end=\"116\">Eingangsschnittstelle<\/strong>: Typ-C<\/p>\n<p data-start=\"126\" data-end=\"162\"><strong data-start=\"126\" data-end=\"137\">Eingang<\/strong>: PD\/QC3.0\/9V-3A\/12V-2.5A<\/p>\n<p data-start=\"165\" data-end=\"187\"><strong data-start=\"165\" data-end=\"180\">USB-Ausgang<\/strong>: 5V-2A<\/p>\n<p data-start=\"190\" data-end=\"253\"><strong data-start=\"190\" data-end=\"236\">Kabellose Ausgangsleistung f\u00fcr Smartphones<\/strong>: 15W\/10W\/7.5W\/5W<\/p>\n<p data-start=\"256\" data-end=\"305\"><strong data-start=\"256\" data-end=\"301\">Kabellose Ausgangsleistung f\u00fcr Smartwatch<\/strong>: 3W<\/p>\n<p data-start=\"308\" data-end=\"356\" data-is-last-node=\"\"><strong data-start=\"308\" data-end=\"352\">Kabellose Ausgangsleistung f\u00fcr Kopfh\u00f6rer<\/strong>: 5W<\/p>\n<p>&nbsp;<\/p>\n","protected":false},"excerpt":{"rendered":"<p>Alles auf einmal laden. Mit der GL5N1WS 5in1 Wireless Charging Station kannst du dein Smartphone, Smartwatch und Kopfh\u00f6rer gleichzeitig und schnell aufladen \u2013 ganz ohne Kabel!<\/p>\n","protected":false},"featured_media":2475,"comment_status":"open","ping_status":"closed","template":"","meta":[],"product_brand":[],"product_cat":[66],"product_tag":[127,67,135],"class_list":{"0":"post-2474","1":"product","2":"type-product","3":"status-publish","4":"has-post-thumbnail","6":"product_cat-universal","7":"product_tag-halterungssysteme","8":"product_tag-ladezubehoer","9":"product_tag-tischhalterung","11":"entry","12":"has-media","14":"first","15":"instock","16":"shipping-taxable","17":"purchasable","18":"product-type-simple","19":"has-product-nav","20":"col","21":"span_1_of_3","22":"owp-content-center","23":"owp-thumbs-layout-horizontal","24":"owp-btn-normal","25":"owp-tabs-layout-horizontal"},"yoast_head":"<!-- This site is optimized with the Yoast SEO plugin v26.2 - https:\/\/yoast.com\/wordpress\/plugins\/seo\/ -->\n<title>GL5N1WS 5-in-1 Wireless Charging Station - nextronik<\/title>\n<meta name=\"robots\" content=\"index, follow, max-snippet:-1, max-image-preview:large, max-video-preview:-1\" \/>\n<link rel=\"canonical\" href=\"https:\/\/nextronik.de\/index.php\/produkt\/gl5n1ws-5in1-ladestation\/\" \/>\n<meta property=\"og:locale\" content=\"de_DE\" \/>\n<meta property=\"og:type\" content=\"article\" \/>\n<meta property=\"og:title\" content=\"GL5N1WS 5-in-1 Wireless Charging Station - nextronik\" \/>\n<meta property=\"og:description\" content=\"Alles auf einmal laden. Mit der GL5N1WS 5in1 Wireless Charging Station kannst du dein Smartphone, Smartwatch und Kopfh\u00f6rer gleichzeitig und schnell aufladen \u2013 ganz ohne Kabel!\" \/>\n<meta property=\"og:url\" content=\"https:\/\/nextronik.de\/index.php\/produkt\/gl5n1ws-5in1-ladestation\/\" \/>\n<meta property=\"og:site_name\" content=\"nextronik\" \/>\n<meta property=\"article:modified_time\" content=\"2025-09-04T09:00:53+00:00\" \/>\n<meta property=\"og:image\" content=\"https:\/\/nextronik.de\/wp-content\/uploads\/2025\/06\/GL5N1WS.jpg\" \/>\n\t<meta property=\"og:image:width\" content=\"750\" \/>\n\t<meta property=\"og:image:height\" content=\"900\" \/>\n\t<meta property=\"og:image:type\" content=\"image\/jpeg\" \/>\n<meta name=\"twitter:card\" content=\"summary_large_image\" \/>\n<meta name=\"twitter:label1\" content=\"Gesch\u00e4tzte Lesezeit\" \/>\n\t<meta name=\"twitter:data1\" content=\"1\u00a0Minute\" \/>\n<script type=\"application\/ld+json\" class=\"yoast-schema-graph\">{\"@context\":\"https:\/\/schema.org\",\"@graph\":[{\"@type\":\"WebPage\",\"@id\":\"https:\/\/nextronik.de\/index.php\/produkt\/gl5n1ws-5in1-ladestation\/\",\"url\":\"https:\/\/nextronik.de\/index.php\/produkt\/gl5n1ws-5in1-ladestation\/\",\"name\":\"GL5N1WS 5-in-1 Wireless Charging Station - nextronik\",\"isPartOf\":{\"@id\":\"https:\/\/nextronik.de\/#website\"},\"primaryImageOfPage\":{\"@id\":\"https:\/\/nextronik.de\/index.php\/produkt\/gl5n1ws-5in1-ladestation\/#primaryimage\"},\"image\":{\"@id\":\"https:\/\/nextronik.de\/index.php\/produkt\/gl5n1ws-5in1-ladestation\/#primaryimage\"},\"thumbnailUrl\":\"https:\/\/nextronik.de\/wp-content\/uploads\/2025\/06\/GL5N1WS.jpg\",\"datePublished\":\"2025-06-24T10:40:54+00:00\",\"dateModified\":\"2025-09-04T09:00:53+00:00\",\"breadcrumb\":{\"@id\":\"https:\/\/nextronik.de\/index.php\/produkt\/gl5n1ws-5in1-ladestation\/#breadcrumb\"},\"inLanguage\":\"de\",\"potentialAction\":[{\"@type\":\"ReadAction\",\"target\":[\"https:\/\/nextronik.de\/index.php\/produkt\/gl5n1ws-5in1-ladestation\/\"]}]},{\"@type\":\"ImageObject\",\"inLanguage\":\"de\",\"@id\":\"https:\/\/nextronik.de\/index.php\/produkt\/gl5n1ws-5in1-ladestation\/#primaryimage\",\"url\":\"https:\/\/nextronik.de\/wp-content\/uploads\/2025\/06\/GL5N1WS.jpg\",\"contentUrl\":\"https:\/\/nextronik.de\/wp-content\/uploads\/2025\/06\/GL5N1WS.jpg\",\"width\":750,\"height\":900},{\"@type\":\"BreadcrumbList\",\"@id\":\"https:\/\/nextronik.de\/index.php\/produkt\/gl5n1ws-5in1-ladestation\/#breadcrumb\",\"itemListElement\":[{\"@type\":\"ListItem\",\"position\":1,\"name\":\"Startseite\",\"item\":\"https:\/\/nextronik.de\/\"},{\"@type\":\"ListItem\",\"position\":2,\"name\":\"Shop\",\"item\":\"https:\/\/nextronik.de\/index.php\/shop\/\"},{\"@type\":\"ListItem\",\"position\":3,\"name\":\"GL5N1WS 5-in-1 Wireless Charging Station\"}]},{\"@type\":\"WebSite\",\"@id\":\"https:\/\/nextronik.de\/#website\",\"url\":\"https:\/\/nextronik.de\/\",\"name\":\"Ihr g\u00fcnstiger Handyzubeh\u00f6r Anbieter > Nextronik\",\"description\":\"\",\"publisher\":{\"@id\":\"https:\/\/nextronik.de\/#organization\"},\"potentialAction\":[{\"@type\":\"SearchAction\",\"target\":{\"@type\":\"EntryPoint\",\"urlTemplate\":\"https:\/\/nextronik.de\/?s={search_term_string}\"},\"query-input\":{\"@type\":\"PropertyValueSpecification\",\"valueRequired\":true,\"valueName\":\"search_term_string\"}}],\"inLanguage\":\"de\"},{\"@type\":\"Organization\",\"@id\":\"https:\/\/nextronik.de\/#organization\",\"name\":\"Rund ums Handy > Nextronik\",\"url\":\"https:\/\/nextronik.de\/\",\"logo\":{\"@type\":\"ImageObject\",\"inLanguage\":\"de\",\"@id\":\"https:\/\/nextronik.de\/#\/schema\/logo\/image\/\",\"url\":\"https:\/\/nextronik.de\/wp-content\/uploads\/2025\/07\/nextronik_logo_2025.png\",\"contentUrl\":\"https:\/\/nextronik.de\/wp-content\/uploads\/2025\/07\/nextronik_logo_2025.png\",\"width\":1000,\"height\":216,\"caption\":\"Rund ums Handy > Nextronik\"},\"image\":{\"@id\":\"https:\/\/nextronik.de\/#\/schema\/logo\/image\/\"}}]}<\/script>\n<!-- \/ Yoast SEO plugin. -->","yoast_head_json":{"title":"GL5N1WS 5-in-1 Wireless Charging Station - nextronik","robots":{"index":"index","follow":"follow","max-snippet":"max-snippet:-1","max-image-preview":"max-image-preview:large","max-video-preview":"max-video-preview:-1"},"canonical":"https:\/\/nextronik.de\/index.php\/produkt\/gl5n1ws-5in1-ladestation\/","og_locale":"de_DE","og_type":"article","og_title":"GL5N1WS 5-in-1 Wireless Charging Station - nextronik","og_description":"Alles auf einmal laden. Mit der GL5N1WS 5in1 Wireless Charging Station kannst du dein Smartphone, Smartwatch und Kopfh\u00f6rer gleichzeitig und schnell aufladen \u2013 ganz ohne Kabel!","og_url":"https:\/\/nextronik.de\/index.php\/produkt\/gl5n1ws-5in1-ladestation\/","og_site_name":"nextronik","article_modified_time":"2025-09-04T09:00:53+00:00","og_image":[{"width":750,"height":900,"url":"https:\/\/nextronik.de\/wp-content\/uploads\/2025\/06\/GL5N1WS.jpg","type":"image\/jpeg"}],"twitter_card":"summary_large_image","twitter_misc":{"Gesch\u00e4tzte Lesezeit":"1\u00a0Minute"},"schema":{"@context":"https:\/\/schema.org","@graph":[{"@type":"WebPage","@id":"https:\/\/nextronik.de\/index.php\/produkt\/gl5n1ws-5in1-ladestation\/","url":"https:\/\/nextronik.de\/index.php\/produkt\/gl5n1ws-5in1-ladestation\/","name":"GL5N1WS 5-in-1 Wireless Charging Station - nextronik","isPartOf":{"@id":"https:\/\/nextronik.de\/#website"},"primaryImageOfPage":{"@id":"https:\/\/nextronik.de\/index.php\/produkt\/gl5n1ws-5in1-ladestation\/#primaryimage"},"image":{"@id":"https:\/\/nextronik.de\/index.php\/produkt\/gl5n1ws-5in1-ladestation\/#primaryimage"},"thumbnailUrl":"https:\/\/nextronik.de\/wp-content\/uploads\/2025\/06\/GL5N1WS.jpg","datePublished":"2025-06-24T10:40:54+00:00","dateModified":"2025-09-04T09:00:53+00:00","breadcrumb":{"@id":"https:\/\/nextronik.de\/index.php\/produkt\/gl5n1ws-5in1-ladestation\/#breadcrumb"},"inLanguage":"de","potentialAction":[{"@type":"ReadAction","target":["https:\/\/nextronik.de\/index.php\/produkt\/gl5n1ws-5in1-ladestation\/"]}]},{"@type":"ImageObject","inLanguage":"de","@id":"https:\/\/nextronik.de\/index.php\/produkt\/gl5n1ws-5in1-ladestation\/#primaryimage","url":"https:\/\/nextronik.de\/wp-content\/uploads\/2025\/06\/GL5N1WS.jpg","contentUrl":"https:\/\/nextronik.de\/wp-content\/uploads\/2025\/06\/GL5N1WS.jpg","width":750,"height":900},{"@type":"BreadcrumbList","@id":"https:\/\/nextronik.de\/index.php\/produkt\/gl5n1ws-5in1-ladestation\/#breadcrumb","itemListElement":[{"@type":"ListItem","position":1,"name":"Startseite","item":"https:\/\/nextronik.de\/"},{"@type":"ListItem","position":2,"name":"Shop","item":"https:\/\/nextronik.de\/index.php\/shop\/"},{"@type":"ListItem","position":3,"name":"GL5N1WS 5-in-1 Wireless Charging Station"}]},{"@type":"WebSite","@id":"https:\/\/nextronik.de\/#website","url":"https:\/\/nextronik.de\/","name":"Ihr g\u00fcnstiger Handyzubeh\u00f6r Anbieter > Nextronik","description":"","publisher":{"@id":"https:\/\/nextronik.de\/#organization"},"potentialAction":[{"@type":"SearchAction","target":{"@type":"EntryPoint","urlTemplate":"https:\/\/nextronik.de\/?s={search_term_string}"},"query-input":{"@type":"PropertyValueSpecification","valueRequired":true,"valueName":"search_term_string"}}],"inLanguage":"de"},{"@type":"Organization","@id":"https:\/\/nextronik.de\/#organization","name":"Rund ums Handy > Nextronik","url":"https:\/\/nextronik.de\/","logo":{"@type":"ImageObject","inLanguage":"de","@id":"https:\/\/nextronik.de\/#\/schema\/logo\/image\/","url":"https:\/\/nextronik.de\/wp-content\/uploads\/2025\/07\/nextronik_logo_2025.png","contentUrl":"https:\/\/nextronik.de\/wp-content\/uploads\/2025\/07\/nextronik_logo_2025.png","width":1000,"height":216,"caption":"Rund ums Handy > Nextronik"},"image":{"@id":"https:\/\/nextronik.de\/#\/schema\/logo\/image\/"}}]}},"_links":{"self":[{"href":"https:\/\/nextronik.de\/index.php\/wp-json\/wp\/v2\/product\/2474","targetHints":{"allow":["GET"]}}],"collection":[{"href":"https:\/\/nextronik.de\/index.php\/wp-json\/wp\/v2\/product"}],"about":[{"href":"https:\/\/nextronik.de\/index.php\/wp-json\/wp\/v2\/types\/product"}],"replies":[{"embeddable":true,"href":"https:\/\/nextronik.de\/index.php\/wp-json\/wp\/v2\/comments?post=2474"}],"wp:featuredmedia":[{"embeddable":true,"href":"https:\/\/nextronik.de\/index.php\/wp-json\/wp\/v2\/media\/2475"}],"wp:attachment":[{"href":"https:\/\/nextronik.de\/index.php\/wp-json\/wp\/v2\/media?parent=2474"}],"wp:term":[{"taxonomy":"product_brand","embeddable":true,"href":"https:\/\/nextronik.de\/index.php\/wp-json\/wp\/v2\/product_brand?post=2474"},{"taxonomy":"product_cat","embeddable":true,"href":"https:\/\/nextronik.de\/index.php\/wp-json\/wp\/v2\/product_cat?post=2474"},{"taxonomy":"product_tag","embeddable":true,"href":"https:\/\/nextronik.de\/index.php\/wp-json\/wp\/v2\/product_tag?post=2474"}],"curies":[{"name":"wp","href":"https:\/\/api.w.org\/{rel}","templated":true}]}}